{"id":2710,"date":"2018-06-16T12:58:17","date_gmt":"2018-06-16T12:58:17","guid":{"rendered":"https:\/\/myhometheme.net\/market\/?page_id=2710"},"modified":"2021-04-17T15:20:33","modified_gmt":"2021-04-17T18:20:33","slug":"tabeladeprecos","status":"publish","type":"page","link":"https:\/\/alvarenga.tv.br\/imoveis\/tabeladeprecos\/","title":{"rendered":"Tabela de pre\u00e7os"},"content":{"rendered":"<div class=\"wpb-content-wrapper\"><p>[vc_row full_width=&#8221;stretch_row_content_no_spaces&#8221; css=&#8221;.vc_custom_1533033191105{margin-bottom: 0px !important;background-color: #f4f4f4 !important;}&#8221;][vc_column]<div class=\" \">\r\n\t\r\n        <div class=\"mh-heading-wrapper\">\r\n            <h2            class=\"mh-heading      vc_custom_1615501098217\"\r\n            style=\"font-weight:700;\">\r\n\t\t\tTabela de Pre\u00e7os        <\/h2>\r\n\r\n\t\t    <\/div>\r\n\r\n\t<\/div>[vc_column_text css=&#8221;.vc_custom_1615501137386{margin-bottom: 24px !important;}&#8221;]<\/p>\n<p style=\"text-align: center; font-size: 21px;\">Escolha o melhor pacote para administrar seus im\u00f3veis<\/p>\n<p>[\/vc_column_text]\r\n<div class=\"mh-pricing-table mh-pricing-table--3-col\">\r\n\t<div class=\"mh-pricing-table__inner\">\r\n\t\t\t\t\t\t<div class=\"mh-pricing-table__column\">\r\n\t\t\t<div class=\"mh-pricing-table__column__inner\">\r\n\t\t\t\t<div class=\"mh-pricing-table__row mh-pricing-table__row--name\">\r\n\t\t\t\t\tGr\u00e1tis\r\n                                    <\/div>\r\n\t\t\t\t<div class=\"mh-pricing-table__row mh-pricing-table__row--price\">\r\n\t\t\t\t\t\t\t\t\t\t\tFree\t\t\t\t\t\t\t\t\t\t<!--<span class=\"mh-pricing-table__price-period\"><\/span>!-->\r\n\t\t\t\t<\/div>\r\n\t\t\t\t<div class=\"mh-pricing-table__row\">\r\n\t\t\t\t\tProperties number:1\t\t\t\t<\/div>\r\n\t\t\t\t<div class=\"mh-pricing-table__row\">\r\n\t\t\t\t\tFeatured number:100\t\t\t\t<\/div>\r\n\t\t\t\t\r\n                                    <div class=\"mh-pricing-table__row mh-pricing-table__row--button\">\r\n                        <a\r\n                            href=\"\/imoveis\/wp-json\/wp\/v2\/pages\/2710?add-to-cart=2734\"\r\n                            class=\"mdl-button mdl-button--lg mdl-js-button mdl-button--raised mdl-button--primary\"\r\n                        >\r\n                            <i class=\"fas fa-shopping-cart\"><\/i> Buy now                        <\/a>\r\n                    <\/div>\r\n\t\t\t\t\r\n\t\t\t<\/div>\r\n\t\t<\/div>\r\n\t\t\t\t\t\t<div class=\"mh-pricing-table__column\">\r\n\t\t\t<div class=\"mh-pricing-table__column__inner\">\r\n\t\t\t\t<div class=\"mh-pricing-table__row mh-pricing-table__row--name\">\r\n\t\t\t\t\tIm\u00f3vel Destaque\r\n                                    <\/div>\r\n\t\t\t\t<div class=\"mh-pricing-table__row mh-pricing-table__row--price\">\r\n\t\t\t\t\t\t\t\t\t\t\t<span class=\"woocommerce-Price-amount amount\"><span class=\"woocommerce-Price-currencySymbol\">&#082;&#036;<\/span>49.99<\/span>\t\t\t\t\t\t\t\t\t\t<!--<span class=\"mh-pricing-table__price-period\"><\/span>!-->\r\n\t\t\t\t<\/div>\r\n\t\t\t\t<div class=\"mh-pricing-table__row\">\r\n\t\t\t\t\tProperties number:1\t\t\t\t<\/div>\r\n\t\t\t\t<div class=\"mh-pricing-table__row\">\r\n\t\t\t\t\tFeatured number:300\t\t\t\t<\/div>\r\n\t\t\t\t\r\n                                    <div class=\"mh-pricing-table__row mh-pricing-table__row--button\">\r\n                        <a\r\n                            href=\"\/imoveis\/wp-json\/wp\/v2\/pages\/2710?add-to-cart=2713\"\r\n                            class=\"mdl-button mdl-button--lg mdl-js-button mdl-button--raised mdl-button--primary\"\r\n                        >\r\n                            <i class=\"fas fa-shopping-cart\"><\/i> Buy now                        <\/a>\r\n                    <\/div>\r\n\t\t\t\t\r\n\t\t\t<\/div>\r\n\t\t<\/div>\r\n\t\t\t\t\t\t<div class=\"mh-pricing-table__column\">\r\n\t\t\t<div class=\"mh-pricing-table__column__inner\">\r\n\t\t\t\t<div class=\"mh-pricing-table__row mh-pricing-table__row--name\">\r\n\t\t\t\t\tImobili\u00e1rias\r\n                                    <\/div>\r\n\t\t\t\t<div class=\"mh-pricing-table__row mh-pricing-table__row--price\">\r\n\t\t\t\t\t\t\t\t\t\t\t<del aria-hidden=\"true\"><span class=\"woocommerce-Price-amount amount\"><span class=\"woocommerce-Price-currencySymbol\">&#082;&#036;<\/span>249.99<\/span><\/del> <span class=\"screen-reader-text\">O pre\u00e7o original era: &#082;&#036;249.99.<\/span><ins aria-hidden=\"true\"><span class=\"woocommerce-Price-amount amount\"><span class=\"woocommerce-Price-currencySymbol\">&#082;&#036;<\/span>149.90<\/span><\/ins><span class=\"screen-reader-text\">O pre\u00e7o atual \u00e9: &#082;&#036;149.90.<\/span>\t\t\t\t\t\t\t\t\t\t<!--<span class=\"mh-pricing-table__price-period\"><\/span>!-->\r\n\t\t\t\t<\/div>\r\n\t\t\t\t<div class=\"mh-pricing-table__row\">\r\n\t\t\t\t\tProperties number:60\t\t\t\t<\/div>\r\n\t\t\t\t<div class=\"mh-pricing-table__row\">\r\n\t\t\t\t\tFeatured number:2000\t\t\t\t<\/div>\r\n\t\t\t\t\r\n                                    <div class=\"mh-pricing-table__row mh-pricing-table__row--button\">\r\n                        <a\r\n                            href=\"\/imoveis\/wp-json\/wp\/v2\/pages\/2710?add-to-cart=2715\"\r\n                            class=\"mdl-button mdl-button--lg mdl-js-button mdl-button--raised mdl-button--primary\"\r\n                        >\r\n                            <i class=\"fas fa-shopping-cart\"><\/i> Buy now                        <\/a>\r\n                    <\/div>\r\n\t\t\t\t\r\n\t\t\t<\/div>\r\n\t\t<\/div>\r\n\t\t\t<\/div>\r\n<\/div>[vc_column_text]<\/p>\n<ul>\n<li style=\"text-align: center;\"><strong>OBSERVA\u00c7\u00d5ES:\u00a0<\/strong><\/li>\n<li style=\"text-align: center;\">Valor pago mensalmente;<\/li>\n<li style=\"text-align: center;\">Valor de im\u00f3vel de destaque v\u00e1lido para um im\u00f3vel na p\u00e1gina inicial do shopping;<\/li>\n<li style=\"text-align: center;\">Reajuste ap\u00f3s um ano pelo \u00edndice de IGPM ;<\/li>\n<li style=\"text-align: center;\">N\u00e3o nos responsabilizamos por negocia\u00e7\u00f5es feitas entre usu\u00e1rios<\/li>\n<li style=\"text-align: center;\">Caso queira desistir do plano basta comunicar o site pelo formul\u00e1rio de fale conosco<\/li>\n<\/ul>\n<p>[\/vc_column_text][\/vc_column][\/vc_row]<\/p>\n<\/div>","protected":false},"excerpt":{"rendered":"<p>[vc_row full_width=&#8221;stretch_row_content_no_spaces&#8221; css=&#8221;.vc_custom_1533033191105{margin-bottom: 0px !important;background-color: #f4f4f4 !important;}&#8221;][vc_column][vc_column_text css=&#8221;.vc_custom_1615501137386{margin-bottom: 24px !important;}&#8221;] Escolha o melhor pacote para administrar seus im\u00f3veis [\/vc_column_text][vc_column_text] OBSERVA\u00c7\u00d5ES:\u00a0 Valor pago mensalmente; Valor de im\u00f3vel de destaque v\u00e1lido para um im\u00f3vel na p\u00e1gina inicial do shopping; Reajuste ap\u00f3s um ano pelo \u00edndice de IGPM ; N\u00e3o nos responsabilizamos por negocia\u00e7\u00f5es feitas entre usu\u00e1rios Caso [&hellip;]<\/p>\n","protected":false},"author":1,"featured_media":0,"parent":0,"menu_order":0,"comment_status":"closed","ping_status":"closed","template":"","meta":{"_acf_changed":false,"_joinchat":[],"footnotes":""},"class_list":["post-2710","page","type-page","status-publish","hentry"],"aioseo_notices":[],"acf":[],"rttpg_featured_image_url":null,"rttpg_author":{"display_name":"Armando Ferraz","author_link":"https:\/\/alvarenga.tv.br\/imoveis\/Usu\u00e1rio\/armando\/"},"rttpg_comment":0,"rttpg_category":null,"rttpg_excerpt":"[vc_row full_width=&#8221;stretch_row_content_no_spaces&#8221; css=&#8221;.vc_custom_1533033191105{margin-bottom: 0px !important;background-color: #f4f4f4 !important;}&#8221;][vc_column][vc_column_text css=&#8221;.vc_custom_1615501137386{margin-bottom: 24px !important;}&#8221;] Escolha o melhor pacote para administrar seus im\u00f3veis [\/vc_column_text][vc_column_text] OBSERVA\u00c7\u00d5ES:\u00a0 Valor pago mensalmente; Valor de im\u00f3vel de destaque v\u00e1lido para um im\u00f3vel na p\u00e1gina inicial do shopping; Reajuste ap\u00f3s um ano pelo \u00edndice de IGPM ; N\u00e3o nos responsabilizamos por negocia\u00e7\u00f5es feitas entre usu\u00e1rios Caso&hellip;","_links":{"self":[{"href":"https:\/\/alvarenga.tv.br\/imoveis\/wp-json\/wp\/v2\/pages\/2710","targetHints":{"allow":["GET"]}}],"collection":[{"href":"https:\/\/alvarenga.tv.br\/imoveis\/wp-json\/wp\/v2\/pages"}],"about":[{"href":"https:\/\/alvarenga.tv.br\/imoveis\/wp-json\/wp\/v2\/types\/page"}],"author":[{"embeddable":true,"href":"https:\/\/alvarenga.tv.br\/imoveis\/wp-json\/wp\/v2\/users\/1"}],"replies":[{"embeddable":true,"href":"https:\/\/alvarenga.tv.br\/imoveis\/wp-json\/wp\/v2\/comments?post=2710"}],"version-history":[{"count":9,"href":"https:\/\/alvarenga.tv.br\/imoveis\/wp-json\/wp\/v2\/pages\/2710\/revisions"}],"predecessor-version":[{"id":3516,"href":"https:\/\/alvarenga.tv.br\/imoveis\/wp-json\/wp\/v2\/pages\/2710\/revisions\/3516"}],"wp:attachment":[{"href":"https:\/\/alvarenga.tv.br\/imoveis\/wp-json\/wp\/v2\/media?parent=2710"}],"curies":[{"name":"wp","href":"https:\/\/api.w.org\/{rel}","templated":true}]}}