{"id":2199,"date":"2017-10-03T21:01:39","date_gmt":"2017-10-03T21:01:39","guid":{"rendered":"http:\/\/export-1.test-tangibledesign.net\/?page_id=2199"},"modified":"2021-03-13T20:32:32","modified_gmt":"2021-03-13T20:32:32","slug":"cidade-bairro-endereco","status":"publish","type":"page","link":"https:\/\/alvarenga.tv.br\/imoveis\/cidade-bairro-endereco\/","title":{"rendered":"Cidade >> Bairro >> Endere\u00e7o"},"content":{"rendered":"<div class=\"wpb-content-wrapper\"><p>[vc_row][vc_column][vc_column_text]<\/p>\n<p style=\"text-align: center;\">Voc\u00ea pode buscar por uma cidade, bairro ou endere\u00e7o que voc\u00ea desejar &#8230;<\/p>\n<p>[\/vc_column_text]\t\t<listing-grid\r\n\t\t\tid=\"myhome-listing-grid\"\r\n\t\t\tclass=\"\"\r\n\t\t\tconfig-key='MyHomeListing1777899598'\r\n\t\t>\r\n\t\t\t\t\t<\/listing-grid>\r\n\t\t[\/vc_column][\/vc_row]<\/p>\n<\/div>","protected":false},"excerpt":{"rendered":"<p>[vc_row][vc_column][vc_column_text] Voc\u00ea pode buscar por uma cidade, bairro ou endere\u00e7o que voc\u00ea desejar &#8230; [\/vc_column_text][\/vc_column][\/vc_row]<\/p>\n","protected":false},"author":1,"featured_media":0,"parent":0,"menu_order":0,"comment_status":"closed","ping_status":"closed","template":"","meta":{"_acf_changed":false,"_joinchat":[],"footnotes":""},"class_list":["post-2199","page","type-page","status-publish","hentry"],"aioseo_notices":[],"acf":[],"rttpg_featured_image_url":null,"rttpg_author":{"display_name":"Armando Ferraz","author_link":"https:\/\/alvarenga.tv.br\/imoveis\/Usu\u00e1rio\/armando\/"},"rttpg_comment":0,"rttpg_category":null,"rttpg_excerpt":"[vc_row][vc_column][vc_column_text] Voc\u00ea pode buscar por uma cidade, bairro ou endere\u00e7o que voc\u00ea desejar &#8230; [\/vc_column_text][\/vc_column][\/vc_row]","_links":{"self":[{"href":"https:\/\/alvarenga.tv.br\/imoveis\/wp-json\/wp\/v2\/pages\/2199","targetHints":{"allow":["GET"]}}],"collection":[{"href":"https:\/\/alvarenga.tv.br\/imoveis\/wp-json\/wp\/v2\/pages"}],"about":[{"href":"https:\/\/alvarenga.tv.br\/imoveis\/wp-json\/wp\/v2\/types\/page"}],"author":[{"embeddable":true,"href":"https:\/\/alvarenga.tv.br\/imoveis\/wp-json\/wp\/v2\/users\/1"}],"replies":[{"embeddable":true,"href":"https:\/\/alvarenga.tv.br\/imoveis\/wp-json\/wp\/v2\/comments?post=2199"}],"version-history":[{"count":3,"href":"https:\/\/alvarenga.tv.br\/imoveis\/wp-json\/wp\/v2\/pages\/2199\/revisions"}],"predecessor-version":[{"id":3480,"href":"https:\/\/alvarenga.tv.br\/imoveis\/wp-json\/wp\/v2\/pages\/2199\/revisions\/3480"}],"wp:attachment":[{"href":"https:\/\/alvarenga.tv.br\/imoveis\/wp-json\/wp\/v2\/media?parent=2199"}],"curies":[{"name":"wp","href":"https:\/\/api.w.org\/{rel}","templated":true}]}}