{"id":1674,"date":"2017-05-05T10:50:45","date_gmt":"2017-05-05T10:50:45","guid":{"rendered":"http:\/\/export-1.test-tangibledesign.net\/?page_id=1674"},"modified":"2021-03-13T20:21:15","modified_gmt":"2021-03-13T20:21:15","slug":"contato","status":"publish","type":"page","link":"https:\/\/alvarenga.tv.br\/imoveis\/contato\/","title":{"rendered":"Contato"},"content":{"rendered":"<div class=\"wpb-content-wrapper\"><p>[vc_row full_width=&#8221;stretch_row&#8221; equal_height=&#8221;yes&#8221; css=&#8221;.vc_custom_1494337711020{margin-bottom: 48px !important;}&#8221;][vc_column width=&#8221;1\/3&#8243; css=&#8221;.vc_custom_1494336662073{padding-right: 24px !important;}&#8221;]<div class=\"mh-heading-wrapper--left \">\r\n\t\r\n        <div class=\"mh-heading-wrapper\">\r\n            <h2            class=\"mh-heading  mh-heading--bottom-separator   \"\r\n            style=\"font-weight:700;\">\r\n\t\t\tEntre em contato        <\/h2>\r\n\r\n\t\t    <\/div>\r\n\r\n\t<\/div>\n<div class=\"wpcf7 no-js\" id=\"wpcf7-f1676-o1\" lang=\"en-US\" dir=\"ltr\" data-wpcf7-id=\"1676\">\n<div class=\"screen-reader-response\"><p role=\"status\" aria-live=\"polite\" aria-atomic=\"true\"><\/p> <ul><\/ul><\/div>\n<form action=\"\/imoveis\/wp-json\/wp\/v2\/pages\/1674#wpcf7-f1676-o1\" method=\"post\" class=\"wpcf7-form init\" aria-label=\"Contact form\" novalidate=\"novalidate\" data-status=\"init\">\n<fieldset class=\"hidden-fields-container\"><input type=\"hidden\" name=\"_wpcf7\" value=\"1676\" \/><input type=\"hidden\" name=\"_wpcf7_version\" value=\"6.1.5\" \/><input type=\"hidden\" name=\"_wpcf7_locale\" value=\"en_US\" \/><input type=\"hidden\" name=\"_wpcf7_unit_tag\" value=\"wpcf7-f1676-o1\" \/><input type=\"hidden\" name=\"_wpcf7_container_post\" value=\"0\" \/><input type=\"hidden\" name=\"_wpcf7_posted_data_hash\" value=\"\" \/>\n<\/fieldset>\n<p><label><span class=\"wpcf7-form-control-wrap\" data-name=\"your-name\"><input size=\"40\" maxlength=\"400\" class=\"wpcf7-form-control wpcf7-text wpcf7-validates-as-required\" aria-required=\"true\" aria-invalid=\"false\" placeholder=\"Nome*\" value=\"\" type=\"text\" name=\"your-name\" \/><\/span><\/label><label><span class=\"wpcf7-form-control-wrap\" data-name=\"your-email\"><input size=\"40\" maxlength=\"400\" class=\"wpcf7-form-control wpcf7-email wpcf7-validates-as-required wpcf7-text wpcf7-validates-as-email\" aria-required=\"true\" aria-invalid=\"false\" placeholder=\"Email*\" value=\"\" type=\"email\" name=\"your-email\" \/><\/span><\/label><label><span class=\"wpcf7-form-control-wrap\" data-name=\"your-subject\"><input size=\"40\" maxlength=\"400\" class=\"wpcf7-form-control wpcf7-text\" aria-invalid=\"false\" placeholder=\"Assunto\" value=\"\" type=\"text\" name=\"your-subject\" \/><\/span> <\/label><label><span class=\"wpcf7-form-control-wrap\" data-name=\"your-message\"><textarea cols=\"40\" rows=\"10\" maxlength=\"2000\" class=\"wpcf7-form-control wpcf7-textarea\" aria-invalid=\"false\" placeholder=\"Mensagem\" name=\"your-message\"><\/textarea><\/span> <\/label><input class=\"wpcf7-form-control wpcf7-submit has-spinner\" type=\"submit\" value=\"Enviar\" \/>\n<\/p><div class=\"wpcf7-response-output\" aria-hidden=\"true\"><\/div>\n<\/form>\n<\/div>\n[\/vc_column][vc_column width=&#8221;1\/3&#8243; css=&#8221;.vc_custom_1494336828259{padding-right: 24px !important;padding-left: 24px !important;background-color: #f4f4f4 !important;}&#8221;][vc_column_text]Entre em contato conosco para mais informa\u00e7\u00f5es sobre parcerias, planos de divulga\u00e7\u00e3o e informa\u00e7\u00f5es sobre o portal.<\/p>\n<p><strong>Email:<\/strong> contato@alvarenga.tv.br<br \/>\n<strong>Phone:<\/strong> (11) 99240-9641<\/p>\n<p>\u00danico portal de servi\u00e7os imobili\u00e1rios da periferia, permite incluir um vasto n\u00fameros de servi\u00e7os com localiza\u00e7\u00e3o e navega\u00e7\u00e3o no mapa.[\/vc_column_text][vc_facebook el_id=&#8221;@EstradadoAlvarengaSP&#8221;][\/vc_column][vc_column width=&#8221;1\/3&#8243; css=&#8221;.vc_custom_1494336835635{padding-right: 24px !important;padding-left: 24px !important;background-color: #f4f4f4 !important;}&#8221;][vc_single_image image=&#8221;3469&#8243; img_size=&#8221;full&#8221;][vc_column_text]Portal 24 horas, porem para atendimento via nossos canais de atendimento via Whatsapp ou e-mail por favor mandar mensagem preferencialmente nos horarios:<\/p>\n<p><strong>Segunda \u00e0 Sexta :<\/strong> 9:00 \u00e0s 17:00<br \/>\n<b>S\u00e1bado:<\/b> 10:00 \u00e0s 13:00<br \/>\n<strong>Domingo:<\/strong> Fechado[\/vc_column_text][\/vc_column][\/vc_row][vc_row full_width=&#8221;stretch_row_content_no_spaces&#8221;][vc_column][vc_gmaps link=&#8221;#E-8_JTNDaWZyYW1lJTIwc3JjJTNEJTIyaHR0cHMlM0ElMkYlMkZ3d3cuZ29vZ2xlLmNvbSUyRm1hcHMlMkZlbWJlZCUzRnBiJTNEJTIxMW0yNCUyMTFtMTIlMjExbTMlMjExZDM2NTMuNTMwMDQwMjA5MjM1JTIxMmQtNDYuNjU3NTkyODk5MTUwMDglMjEzZC0yMy42OTI3NTg4MjM3MDcxMTYlMjEybTMlMjExZjAlMjEyZjAlMjEzZjAlMjEzbTIlMjExaTEwMjQlMjEyaTc2OCUyMTRmMTMuMSUyMTRtOSUyMTNlMCUyMTRtMyUyMTNtMiUyMTFkLTIzLjY5Mjc0MiUyMTJkLTQ2LjY1NjIzMjclMjE0bTMlMjEzbTIlMjExZC0yMy42OTI3NTg4JTIxMmQtNDYuNjU2MzU3Nzk5OTk5OTk1JTIxNWUwJTIxM20yJTIxMXNlbiUyMTJzYnIlMjE0djE2MTU2NjA3MjI4MDIlMjE1bTIlMjExc2VuJTIxMnNiciUyMiUyMHdpZHRoJTNEJTIyNjAwJTIyJTIwaGVpZ2h0JTNEJTIyNDUwJTIyJTIwc3R5bGUlM0QlMjJib3JkZXIlM0EwJTNCJTIyJTIwYWxsb3dmdWxsc2NyZWVuJTNEJTIyJTIyJTIwbG9hZGluZyUzRCUyMmxhenklMjIlM0UlM0MlMkZpZnJhbWUlM0U=&#8221; css=&#8221;.vc_custom_1615660741456{margin-top: 0px !important;margin-right: 0px !important;margin-bottom: 0px !important;margin-left: 0px !important;border-top-width: 0px !important;border-right-width: 0px !important;border-bottom-width: 0px !important;border-left-width: 0px !important;padding-top: 0px !important;padding-right: 0px !important;padding-bottom: 0px !important;padding-left: 0px !important;}&#8221;][\/vc_column][\/vc_row]<\/p>\n<\/div>","protected":false},"excerpt":{"rendered":"<p>[vc_row full_width=&#8221;stretch_row&#8221; equal_height=&#8221;yes&#8221; css=&#8221;.vc_custom_1494337711020{margin-bottom: 48px !important;}&#8221;][vc_column width=&#8221;1\/3&#8243; css=&#8221;.vc_custom_1494336662073{padding-right: 24px !important;}&#8221;][\/vc_column][vc_column width=&#8221;1\/3&#8243; css=&#8221;.vc_custom_1494336828259{padding-right: 24px !important;padding-left: 24px !important;background-color: #f4f4f4 !important;}&#8221;][vc_column_text]Entre em contato conosco para mais informa\u00e7\u00f5es sobre parcerias, planos de divulga\u00e7\u00e3o e informa\u00e7\u00f5es sobre o portal. Email: contato@alvarenga.tv.br Phone: (11) 99240-9641 \u00danico portal de servi\u00e7os imobili\u00e1rios da periferia, permite incluir um vasto n\u00fameros de servi\u00e7os com localiza\u00e7\u00e3o [&hellip;]<\/p>\n","protected":false},"author":1,"featured_media":0,"parent":0,"menu_order":0,"comment_status":"closed","ping_status":"closed","template":"page_full-width-with-top-title.php","meta":{"_acf_changed":false,"_joinchat":[],"footnotes":""},"class_list":["post-1674","page","type-page","status-publish","hentry"],"aioseo_notices":[],"acf":[],"rttpg_featured_image_url":null,"rttpg_author":{"display_name":"Armando Ferraz","author_link":"https:\/\/alvarenga.tv.br\/imoveis\/Usu\u00e1rio\/armando\/"},"rttpg_comment":0,"rttpg_category":null,"rttpg_excerpt":"[vc_row full_width=&#8221;stretch_row&#8221; equal_height=&#8221;yes&#8221; css=&#8221;.vc_custom_1494337711020{margin-bottom: 48px !important;}&#8221;][vc_column width=&#8221;1\/3&#8243; css=&#8221;.vc_custom_1494336662073{padding-right: 24px !important;}&#8221;][\/vc_column][vc_column width=&#8221;1\/3&#8243; css=&#8221;.vc_custom_1494336828259{padding-right: 24px !important;padding-left: 24px !important;background-color: #f4f4f4 !important;}&#8221;][vc_column_text]Entre em contato conosco para mais informa\u00e7\u00f5es sobre parcerias, planos de divulga\u00e7\u00e3o e informa\u00e7\u00f5es sobre o portal. Email: contato@alvarenga.tv.br Phone: (11) 99240-9641 \u00danico portal de servi\u00e7os imobili\u00e1rios da periferia, permite incluir um vasto n\u00fameros de servi\u00e7os com localiza\u00e7\u00e3o&hellip;","_links":{"self":[{"href":"https:\/\/alvarenga.tv.br\/imoveis\/wp-json\/wp\/v2\/pages\/1674","targetHints":{"allow":["GET"]}}],"collection":[{"href":"https:\/\/alvarenga.tv.br\/imoveis\/wp-json\/wp\/v2\/pages"}],"about":[{"href":"https:\/\/alvarenga.tv.br\/imoveis\/wp-json\/wp\/v2\/types\/page"}],"author":[{"embeddable":true,"href":"https:\/\/alvarenga.tv.br\/imoveis\/wp-json\/wp\/v2\/users\/1"}],"replies":[{"embeddable":true,"href":"https:\/\/alvarenga.tv.br\/imoveis\/wp-json\/wp\/v2\/comments?post=1674"}],"version-history":[{"count":4,"href":"https:\/\/alvarenga.tv.br\/imoveis\/wp-json\/wp\/v2\/pages\/1674\/revisions"}],"predecessor-version":[{"id":3473,"href":"https:\/\/alvarenga.tv.br\/imoveis\/wp-json\/wp\/v2\/pages\/1674\/revisions\/3473"}],"wp:attachment":[{"href":"https:\/\/alvarenga.tv.br\/imoveis\/wp-json\/wp\/v2\/media?parent=1674"}],"curies":[{"name":"wp","href":"https:\/\/api.w.org\/{rel}","templated":true}]}}